{"id":14319,"date":"2024-10-18T18:38:09","date_gmt":"2024-10-18T18:38:09","guid":{"rendered":"http:\/\/dlop-pneumatics.de\/?page_id=14319"},"modified":"2024-10-18T21:28:49","modified_gmt":"2024-10-18T21:28:49","slug":"ueber-dlop","status":"publish","type":"page","link":"https:\/\/dlop-pneumatics.de\/?page_id=14319","title":{"rendered":"\u00dcber DLOP"},"content":{"rendered":"\t\t<div data-elementor-type=\"wp-page\" data-elementor-id=\"14319\" class=\"elementor elementor-14319\">\n\t\t\t\t<div class=\"elementor-element elementor-element-c22ffd1 e-flex e-con-boxed e-con e-parent\" data-id=\"c22ffd1\" data-element_type=\"container\" data-e-type=\"container\">\n\t\t\t\t\t<div class=\"e-con-inner\">\n\t\t\t\t<div class=\"elementor-element elementor-element-f27dabf elementor-widget elementor-widget-ct_heading\" data-id=\"f27dabf\" data-element_type=\"widget\" data-e-type=\"widget\" data-widget_type=\"ct_heading.default\">\n\t\t\t\t<div class=\"elementor-widget-container\">\n\t\t\t\t\t<div id=\"ct_heading-f27dabf\" class=\"ct-heading h-align-left item-st-default\">\r\n    <div class=\"heading-wrapper\">\r\n        <div class=\"inner-heading\">\r\n                              <h4 class=\"title-holder\">\r\n                  Erfahrung                <\/h4>\r\n                          \t            \t\t<div class=\"item--sub-title no-image-bg\">\r\n                                                <span>\r\n                            unser                        <\/span>\r\n                    <\/div>\r\n            \t                <h3 class=\"item--title case-animate-time st-default \" data-wow-delay=\"ms\">\r\n                    <span>Team<\/span>                <\/h3>\r\n        <\/div>\r\n    <\/div>\r\n<\/div>\r\n\t\t\t\t<\/div>\n\t\t\t\t<\/div>\n\t\t\t\t\t<\/div>\n\t\t\t\t<\/div>\n\t\t<div class=\"elementor-element elementor-element-b779117 e-flex e-con-boxed e-con e-parent\" data-id=\"b779117\" data-element_type=\"container\" data-e-type=\"container\">\n\t\t\t\t\t<div class=\"e-con-inner\">\n\t\t<div class=\"elementor-element elementor-element-b6c3e6f e-con-full e-flex e-con e-child\" data-id=\"b6c3e6f\" data-element_type=\"container\" data-e-type=\"container\">\n\t\t\t\t<div class=\"elementor-element elementor-element-838ee5a elementor-widget elementor-widget-ct_list\" data-id=\"838ee5a\" data-element_type=\"widget\" data-e-type=\"widget\" data-widget_type=\"ct_list.default\">\n\t\t\t\t<div class=\"elementor-widget-container\">\n\t\t\t\t\t    <div class=\"ct-list block\">\r\n                    <div class=\"ct-list-item \">\r\n                                    <div class=\"ct-list-icon\">\r\n                                            <\/div>\r\n                            \t<div class=\"ct-list-content\">\r\n                    \t            \t  Erfahrung ist durch nichts zu ersetzen als durch noch mehr Erfahrung\u2026  Unsere TOP ausgebildeten, hoch motivierten und erfahrenen Technikerinnen und Techniker freuen sich auf jede Herausforderung und haben sich bereits in unz\u00e4hligen Projekten bew\u00e4hrt.                    \t            <\/div>\r\n           <\/div>\r\n            <\/div>\r\n\t\t\t\t<\/div>\n\t\t\t\t<\/div>\n\t\t\t\t<\/div>\n\t\t<div class=\"elementor-element elementor-element-b47aba7 e-con-full e-flex e-con e-child\" data-id=\"b47aba7\" data-element_type=\"container\" data-e-type=\"container\">\n\t\t\t\t<div class=\"elementor-element elementor-element-c146a27 elementor-widget elementor-widget-ct_list\" data-id=\"c146a27\" data-element_type=\"widget\" data-e-type=\"widget\" data-widget_type=\"ct_list.default\">\n\t\t\t\t<div class=\"elementor-widget-container\">\n\t\t\t\t\t    <div class=\"ct-list block\">\r\n                    <div class=\"ct-list-item \">\r\n                                    <div class=\"ct-list-icon\">\r\n                                            <\/div>\r\n                            \t<div class=\"ct-list-content\">\r\n                    \t            \t  St\u00e4ndige Weiterbildung, sowie Abteilungs\u00fcbergreifender Austausch sind f\u00fcr uns so selbstverst\u00e4ndlich wie Ihre Druckluft.                    \t            <\/div>\r\n           <\/div>\r\n            <\/div>\r\n\t\t\t\t<\/div>\n\t\t\t\t<\/div>\n\t\t\t\t<\/div>\n\t\t\t\t\t<\/div>\n\t\t\t\t<\/div>\n\t\t<div class=\"elementor-element elementor-element-5a32589 e-flex e-con-boxed e-con e-parent\" data-id=\"5a32589\" data-element_type=\"container\" data-e-type=\"container\">\n\t\t\t\t\t<div class=\"e-con-inner\">\n\t\t\t\t<div class=\"elementor-element elementor-element-5d46f55 elementor-widget elementor-widget-ct_heading\" data-id=\"5d46f55\" data-element_type=\"widget\" data-e-type=\"widget\" data-widget_type=\"ct_heading.default\">\n\t\t\t\t<div class=\"elementor-widget-container\">\n\t\t\t\t\t<div id=\"ct_heading-5d46f55\" class=\"ct-heading h-align-center item-st-default\">\r\n    <div class=\"heading-wrapper\">\r\n        <div class=\"inner-heading\">\r\n                              <h4 class=\"title-holder\">\r\n                  Umwelt                <\/h4>\r\n                          \t                <h1 class=\"item--title case-animate-time st-default \" data-wow-delay=\"ms\">\r\n                    <span>Ziele<\/span>                <\/h1>\r\n        <\/div>\r\n    <\/div>\r\n<\/div>\r\n\t\t\t\t<\/div>\n\t\t\t\t<\/div>\n\t\t\t\t\t<\/div>\n\t\t\t\t<\/div>\n\t\t<div class=\"elementor-element elementor-element-221fb71 e-flex e-con-boxed e-con e-parent\" data-id=\"221fb71\" data-element_type=\"container\" data-e-type=\"container\">\n\t\t\t\t\t<div class=\"e-con-inner\">\n\t\t<div class=\"elementor-element elementor-element-857562a e-con-full e-flex e-con e-child\" data-id=\"857562a\" data-element_type=\"container\" data-e-type=\"container\">\n\t\t\t\t<div class=\"elementor-element elementor-element-1206d2b elementor-widget elementor-widget-ct_image\" data-id=\"1206d2b\" data-element_type=\"widget\" data-e-type=\"widget\" data-widget_type=\"ct_image.default\">\n\t\t\t\t<div class=\"elementor-widget-container\">\n\t\t\t\t\t<div class=\"ct-image-single   \" data-width=\"\" data-height=\"\" data-wow-delay=\"ms\">\r\n            <div class=\"ct-image-bg bg-image\" style=\"background-image: url(http:\/\/dlop-pneumatics.de\/wp-content\/uploads\/2024\/10\/landscape-tree-nature-grass-cloud-plant-857444-pxhere.com_.jpg);\"><\/div>\r\n    <\/div>\t\t\t\t<\/div>\n\t\t\t\t<\/div>\n\t\t\t\t<\/div>\n\t\t<div class=\"elementor-element elementor-element-eb822eb e-con-full e-flex e-con e-child\" data-id=\"eb822eb\" data-element_type=\"container\" data-e-type=\"container\">\n\t\t<div class=\"elementor-element elementor-element-b781837 e-con-full e-flex e-con e-child\" data-id=\"b781837\" data-element_type=\"container\" data-e-type=\"container\">\n\t\t\t\t<div class=\"elementor-element elementor-element-33837a6 elementor-widget elementor-widget-ct_list\" data-id=\"33837a6\" data-element_type=\"widget\" data-e-type=\"widget\" data-widget_type=\"ct_list.default\">\n\t\t\t\t<div class=\"elementor-widget-container\">\n\t\t\t\t\t    <div class=\"ct-list block\">\r\n                    <div class=\"ct-list-item \">\r\n                                    <div class=\"ct-list-icon\">\r\n                                            <\/div>\r\n                            \t<div class=\"ct-list-content\">\r\n                    \t            \t  Die DLOP Pneumatics wird mit Ihnen zusammen die Dekarbonisierung der Industrie voran Treiben. Wir setzen dabei auf die Symbiose von besten Technikern und Messtechnik zusammen mit einer smarten Auswertung und Dokumentation. Wir sind zu 100% Hersteller unabh\u00e4ngig und setzen Ma\u00dfst\u00e4be im Next Level Support.                    \t            <\/div>\r\n           <\/div>\r\n            <\/div>\r\n\t\t\t\t<\/div>\n\t\t\t\t<\/div>\n\t\t\t\t<\/div>\n\t\t<div class=\"elementor-element elementor-element-addde9d e-con-full e-flex e-con e-child\" data-id=\"addde9d\" data-element_type=\"container\" data-e-type=\"container\">\n\t\t\t\t<div class=\"elementor-element elementor-element-0bcf0f5 elementor-widget elementor-widget-ct_list\" data-id=\"0bcf0f5\" data-element_type=\"widget\" data-e-type=\"widget\" data-widget_type=\"ct_list.default\">\n\t\t\t\t<div class=\"elementor-widget-container\">\n\t\t\t\t\t    <div class=\"ct-list block\">\r\n                    <div class=\"ct-list-item \">\r\n                                    <div class=\"ct-list-icon\">\r\n                                            <\/div>\r\n                            \t<div class=\"ct-list-content\">\r\n                    \t            \t  Ziel der DLOP Pneumatics ist, bis 2031 nachweislich zu 100% Co\u00b2 neutral, Dienstleistung, Server & Backoffice umsetzen zu k\u00f6nnen.                    \t            <\/div>\r\n           <\/div>\r\n            <\/div>\r\n\t\t\t\t<\/div>\n\t\t\t\t<\/div>\n\t\t\t\t<\/div>\n\t\t\t\t<\/div>\n\t\t\t\t\t<\/div>\n\t\t\t\t<\/div>\n\t\t\t\t<\/div>\n\t\t","protected":false},"excerpt":{"rendered":"<p>Erfahrung unser Team Erfahrung ist durch nichts zu ersetzen als durch noch mehr Erfahrung\u2026 Unsere TOP ausgebildeten, hoch motivierten und erfahrenen Technikerinnen und Techniker freuen sich auf jede Herausforderung und haben sich bereits in unz\u00e4hligen Projekten bew\u00e4hrt. St\u00e4ndige Weiterbildung, sowie Abteilungs\u00fcbergreifender Austausch sind f\u00fcr uns so selbstverst\u00e4ndlich wie Ihre Druckluft. Umwelt Ziele Die DLOP Pneumatics [&hellip;]<\/p>\n","protected":false},"author":1,"featured_media":0,"parent":0,"menu_order":0,"comment_status":"closed","ping_status":"closed","template":"","meta":{"footnotes":""},"class_list":["post-14319","page","type-page","status-publish","hentry"],"_links":{"self":[{"href":"https:\/\/dlop-pneumatics.de\/index.php?rest_route=\/wp\/v2\/pages\/14319"}],"collection":[{"href":"https:\/\/dlop-pneumatics.de\/index.php?rest_route=\/wp\/v2\/pages"}],"about":[{"href":"https:\/\/dlop-pneumatics.de\/index.php?rest_route=\/wp\/v2\/types\/page"}],"author":[{"embeddable":true,"href":"https:\/\/dlop-pneumatics.de\/index.php?rest_route=\/wp\/v2\/users\/1"}],"replies":[{"embeddable":true,"href":"https:\/\/dlop-pneumatics.de\/index.php?rest_route=%2Fwp%2Fv2%2Fcomments&post=14319"}],"version-history":[{"count":7,"href":"https:\/\/dlop-pneumatics.de\/index.php?rest_route=\/wp\/v2\/pages\/14319\/revisions"}],"predecessor-version":[{"id":14428,"href":"https:\/\/dlop-pneumatics.de\/index.php?rest_route=\/wp\/v2\/pages\/14319\/revisions\/14428"}],"wp:attachment":[{"href":"https:\/\/dlop-pneumatics.de\/index.php?rest_route=%2Fwp%2Fv2%2Fmedia&parent=14319"}],"curies":[{"name":"wp","href":"https:\/\/api.w.org\/{rel}","templated":true}]}}