{"id":14521,"date":"2026-03-02T11:42:28","date_gmt":"2026-03-02T11:42:28","guid":{"rendered":"https:\/\/dlop-pneumatics.de\/?page_id=14521"},"modified":"2026-03-03T19:06:25","modified_gmt":"2026-03-03T19:06:25","slug":"wer-ist-dlop","status":"publish","type":"page","link":"https:\/\/dlop-pneumatics.de\/?page_id=14521","title":{"rendered":"Wer ist DLOP"},"content":{"rendered":"\t\t<div data-elementor-type=\"wp-page\" data-elementor-id=\"14521\" class=\"elementor elementor-14521\">\n\t\t\t\t<div class=\"elementor-element elementor-element-cdfe535 e-flex e-con-boxed e-con e-parent\" data-id=\"cdfe535\" data-element_type=\"container\" data-e-type=\"container\">\n\t\t\t\t\t<div class=\"e-con-inner\">\n\t\t\t\t\t<\/div>\n\t\t\t\t<\/div>\n\t\t<div class=\"elementor-element elementor-element-3b935fe e-flex e-con-boxed e-con e-parent\" data-id=\"3b935fe\" data-element_type=\"container\" data-e-type=\"container\">\n\t\t\t\t\t<div class=\"e-con-inner\">\n\t\t<div class=\"elementor-element elementor-element-d8ef83e e-con-full e-flex e-con e-child\" data-id=\"d8ef83e\" data-element_type=\"container\" data-e-type=\"container\">\n\t\t\t\t<div class=\"elementor-element elementor-element-dcdec8a elementor-widget elementor-widget-ct_text_editor\" data-id=\"dcdec8a\" data-element_type=\"widget\" data-e-type=\"widget\" data-widget_type=\"ct_text_editor.default\">\n\t\t\t\t<div class=\"elementor-widget-container\">\n\t\t\t\t\t<div id=\"ct_text_editor-dcdec8a\" class=\"ct-text-editor \" data-wow-delay=\"ms\">\n\t<div class=\"ct-inline-css\"  data-css=\"\n        \t\t\">\n\n    <\/div>\n\t<div class=\"ct-text-editor-inner elementor-clearfix\">\n\t\t<h3>Wer ist DLOP<\/h3><p>Die DLOP Pneumatics GmbH ist ihr mehrfach ausgezeichneter Dienstleister im Bereich der Leckagen Optimierung bei Druckluft und allen technischen Gasen.<\/p><p>Die Symbiose aus bestens geschulten sowie hochmotivierten Technikerinnen und Technikern und erstklassiger Messtechnik sorgen f\u00fcr Ihre messbaren Einsparungen bei Druckluft und allen technischen Gasen.<\/p><p>Wir legen viel Wert auf kontinuierliche Schulungen unserer hauseigenen Techniker. Dieses Know How kommt Ihnen zu gute in Bezug auf genaue Beschreibung der Leckagen-Stelle sowie wie den Vorschl\u00e4gen der Reparatur\/Instandsetzung.<\/p><p>Unser Dynamisches und motiviertes Team lebt die Leckagen Optimierung und den Dienstleistungsgedanken. Wir sind erst zufrieden, wenn Sie maximal begeistert sind. Nach unserem <strong><em>Motto: Gut ist der Anspruch des \u00d8. Wir schaffen Begeisterung.<\/em><\/strong><\/p><p>Als Dienstleiter sind wir Deutschland\/Europaweit f\u00fcr Sie unterwegs. Der Fokus liegt in der Einsparungen von Energie bei technischen Gasen. Hier steht in der Industrie die Druckluft in der Regel im Fokus.<\/p><p>Im Rheinland zu Hause, mit Humor, dem Rheinischen Ehrenwort und viel Karneval sowie dem Rhing (Rhein f\u00fcr die Nichtrheinl\u00e4nder), agieren wir von hier durch das gesamte Bundesgebiet. Das gelingt uns durch smarte Planung (Mittlerweile KI-unterst\u00fczt) und klaren Absprachen zusammen mit unseren Kunden.<\/p><p>Als Dienstleister legen wir viel Wert auf Pers\u00f6nlichkeit und Verl\u00e4sslichkeit. So hilfreich die KI an einigen Stellen ist, stehen wir im direkten Austausch mit unseren Gesch\u00e4ftspartnern und Kunden auf den Pers\u00f6nlichen und pr\u00e4senten vor Ort Austausch.<\/p><p>F\u00fcr einen unverbindlichen und offenen vor Ort Austausch kommen Sie gerne auf uns zu.<\/p><h5>Ihr Team der DLOP Pneumatics GmbH<\/h5><p>Benjamin Meybohm<\/p><p>Gesch\u00e4ftsf\u00fchrender Gesellschafter<\/p>\t\t\n\t<\/div>\n<\/div>\t\t\t\t<\/div>\n\t\t\t\t<\/div>\n\t\t\t\t<\/div>\n\t\t<div class=\"elementor-element elementor-element-b56e6ec e-con-full e-flex e-con e-child\" data-id=\"b56e6ec\" data-element_type=\"container\" data-e-type=\"container\">\n\t\t<div class=\"elementor-element elementor-element-c653c41 e-con-full e-flex e-con e-child\" data-id=\"c653c41\" data-element_type=\"container\" data-e-type=\"container\">\n\t\t\t\t<div class=\"elementor-element elementor-element-2d6dc56 elementor-widget elementor-widget-ct_image\" data-id=\"2d6dc56\" data-element_type=\"widget\" data-e-type=\"widget\" data-widget_type=\"ct_image.default\">\n\t\t\t\t<div class=\"elementor-widget-container\">\n\t\t\t\t\t<div class=\"ct-image-single   \" data-width=\"\" data-height=\"\" data-wow-delay=\"ms\">\r\n            <div class=\"ct-image-single--inner\">\r\n                            <img fetchpriority=\"high\" decoding=\"async\" width=\"1920\" height=\"2560\" src=\"https:\/\/dlop-pneumatics.de\/wp-content\/uploads\/2026\/03\/Ausgezeichnete-Leistungen-der-DLOP-Pneumatics-1-scaled.jpg\" class=\"no-lazyload img-main attachment-full\" alt=\"\" \/>                    <\/div>\r\n    <\/div>\t\t\t\t<\/div>\n\t\t\t\t<\/div>\n\t\t\t\t<\/div>\n\t\t<div class=\"elementor-element elementor-element-373534b e-con-full e-flex e-con e-child\" data-id=\"373534b\" data-element_type=\"container\" data-e-type=\"container\">\n\t\t\t\t<\/div>\n\t\t\t\t<\/div>\n\t\t\t\t\t<\/div>\n\t\t\t\t<\/div>\n\t\t\t\t<\/div>\n\t\t","protected":false},"excerpt":{"rendered":"<p>Wer ist DLOP Die DLOP Pneumatics GmbH ist ihr mehrfach ausgezeichneter Dienstleister im Bereich der Leckagen Optimierung bei Druckluft und allen technischen Gasen. Die Symbiose aus bestens geschulten sowie hochmotivierten Technikerinnen und Technikern und erstklassiger Messtechnik sorgen f\u00fcr Ihre messbaren Einsparungen bei Druckluft und allen technischen Gasen. Wir legen viel Wert auf kontinuierliche Schulungen unserer [&hellip;]<\/p>\n","protected":false},"author":1,"featured_media":0,"parent":14319,"menu_order":0,"comment_status":"closed","ping_status":"closed","template":"","meta":{"footnotes":""},"class_list":["post-14521","page","type-page","status-publish","hentry"],"_links":{"self":[{"href":"https:\/\/dlop-pneumatics.de\/index.php?rest_route=\/wp\/v2\/pages\/14521"}],"collection":[{"href":"https:\/\/dlop-pneumatics.de\/index.php?rest_route=\/wp\/v2\/pages"}],"about":[{"href":"https:\/\/dlop-pneumatics.de\/index.php?rest_route=\/wp\/v2\/types\/page"}],"author":[{"embeddable":true,"href":"https:\/\/dlop-pneumatics.de\/index.php?rest_route=\/wp\/v2\/users\/1"}],"replies":[{"embeddable":true,"href":"https:\/\/dlop-pneumatics.de\/index.php?rest_route=%2Fwp%2Fv2%2Fcomments&post=14521"}],"version-history":[{"count":7,"href":"https:\/\/dlop-pneumatics.de\/index.php?rest_route=\/wp\/v2\/pages\/14521\/revisions"}],"predecessor-version":[{"id":14637,"href":"https:\/\/dlop-pneumatics.de\/index.php?rest_route=\/wp\/v2\/pages\/14521\/revisions\/14637"}],"up":[{"embeddable":true,"href":"https:\/\/dlop-pneumatics.de\/index.php?rest_route=\/wp\/v2\/pages\/14319"}],"wp:attachment":[{"href":"https:\/\/dlop-pneumatics.de\/index.php?rest_route=%2Fwp%2Fv2%2Fmedia&parent=14521"}],"curies":[{"name":"wp","href":"https:\/\/api.w.org\/{rel}","templated":true}]}}