{"id":14523,"date":"2026-03-02T11:42:59","date_gmt":"2026-03-02T11:42:59","guid":{"rendered":"https:\/\/dlop-pneumatics.de\/?page_id=14523"},"modified":"2026-03-03T18:58:37","modified_gmt":"2026-03-03T18:58:37","slug":"unabhaengig-und-partnerschaft","status":"publish","type":"page","link":"https:\/\/dlop-pneumatics.de\/?page_id=14523","title":{"rendered":"Unabh\u00e4ngig und Partnerschaft"},"content":{"rendered":"\t\t<div data-elementor-type=\"wp-page\" data-elementor-id=\"14523\" class=\"elementor elementor-14523\">\n\t\t\t\t<div class=\"elementor-element elementor-element-0272c47 e-flex e-con-boxed e-con e-parent\" data-id=\"0272c47\" data-element_type=\"container\" data-e-type=\"container\">\n\t\t\t\t\t<div class=\"e-con-inner\">\n\t\t\t\t<div class=\"elementor-element elementor-element-1fc09e4 elementor-widget elementor-widget-ct_text_editor\" data-id=\"1fc09e4\" data-element_type=\"widget\" data-e-type=\"widget\" data-widget_type=\"ct_text_editor.default\">\n\t\t\t\t<div class=\"elementor-widget-container\">\n\t\t\t\t\t<div id=\"ct_text_editor-1fc09e4\" class=\"ct-text-editor \" data-wow-delay=\"ms\">\n\t<div class=\"ct-inline-css\"  data-css=\"\n        \t\t\">\n\n    <\/div>\n\t<div class=\"ct-text-editor-inner elementor-clearfix\">\n\t\t<h4>Ein Widerspruch? Nein!<\/h4><p>Wir sind in Beurteilung und Feststellung von Leckagen und Schwachpunkten innerhalb Ihres Druckluftnetzes <strong><u>100% unabh\u00e4ngig<\/u><\/strong>. Fehler und Schwachstellen m\u00fcssen benannt werden.<\/p><p>Das gilt von der Installation bis hin zu Bauteilen. Wir stehen in Ihrer Pflicht, Verbesserungen aufzunehmen und Optimierungen aufzuzeigen.<\/p><p>\u00a0<\/p><hr \/><p>\u00a0<\/p><p>Mit der Firma Beko Technologies konnten wir einen Partner gewinnen, der wie wir f\u00fcr Qualit\u00e4t und Wertsch\u00f6pfung Made in Germany steht. Wir erg\u00e4nzen uns in vielen Bereichen mit know How und L\u00f6sungen, von denen Sie als Endkunde immer profitieren werden.<\/p><p>In puncto Messtechnik arbeiten wir und eng mit der Firma CS-Instruments zusammen.<\/p>\t\t\n\t<\/div>\n<\/div>\t\t\t\t<\/div>\n\t\t\t\t<\/div>\n\t\t\t\t\t<\/div>\n\t\t\t\t<\/div>\n\t\t\t\t<\/div>\n\t\t","protected":false},"excerpt":{"rendered":"<p>Ein Widerspruch? Nein! Wir sind in Beurteilung und Feststellung von Leckagen und Schwachpunkten innerhalb Ihres Druckluftnetzes 100% unabh\u00e4ngig. Fehler und Schwachstellen m\u00fcssen benannt werden. Das gilt von der Installation bis hin zu Bauteilen. Wir stehen in Ihrer Pflicht, Verbesserungen aufzunehmen und Optimierungen aufzuzeigen. \u00a0 \u00a0 Mit der Firma Beko Technologies konnten wir einen Partner gewinnen, [&hellip;]<\/p>\n","protected":false},"author":1,"featured_media":0,"parent":14319,"menu_order":0,"comment_status":"closed","ping_status":"closed","template":"","meta":{"footnotes":""},"class_list":["post-14523","page","type-page","status-publish","hentry"],"_links":{"self":[{"href":"https:\/\/dlop-pneumatics.de\/index.php?rest_route=\/wp\/v2\/pages\/14523"}],"collection":[{"href":"https:\/\/dlop-pneumatics.de\/index.php?rest_route=\/wp\/v2\/pages"}],"about":[{"href":"https:\/\/dlop-pneumatics.de\/index.php?rest_route=\/wp\/v2\/types\/page"}],"author":[{"embeddable":true,"href":"https:\/\/dlop-pneumatics.de\/index.php?rest_route=\/wp\/v2\/users\/1"}],"replies":[{"embeddable":true,"href":"https:\/\/dlop-pneumatics.de\/index.php?rest_route=%2Fwp%2Fv2%2Fcomments&post=14523"}],"version-history":[{"count":4,"href":"https:\/\/dlop-pneumatics.de\/index.php?rest_route=\/wp\/v2\/pages\/14523\/revisions"}],"predecessor-version":[{"id":14630,"href":"https:\/\/dlop-pneumatics.de\/index.php?rest_route=\/wp\/v2\/pages\/14523\/revisions\/14630"}],"up":[{"embeddable":true,"href":"https:\/\/dlop-pneumatics.de\/index.php?rest_route=\/wp\/v2\/pages\/14319"}],"wp:attachment":[{"href":"https:\/\/dlop-pneumatics.de\/index.php?rest_route=%2Fwp%2Fv2%2Fmedia&parent=14523"}],"curies":[{"name":"wp","href":"https:\/\/api.w.org\/{rel}","templated":true}]}}