{"id":14525,"date":"2026-03-02T11:43:11","date_gmt":"2026-03-02T11:43:11","guid":{"rendered":"https:\/\/dlop-pneumatics.de\/?page_id=14525"},"modified":"2026-03-03T18:54:27","modified_gmt":"2026-03-03T18:54:27","slug":"engagement","status":"publish","type":"page","link":"https:\/\/dlop-pneumatics.de\/?page_id=14525","title":{"rendered":"Engagement"},"content":{"rendered":"\t\t<div data-elementor-type=\"wp-page\" data-elementor-id=\"14525\" class=\"elementor elementor-14525\">\n\t\t\t\t<div class=\"elementor-element elementor-element-41ee912 e-flex e-con-boxed e-con e-parent\" data-id=\"41ee912\" data-element_type=\"container\" data-e-type=\"container\">\n\t\t\t\t\t<div class=\"e-con-inner\">\n\t\t\t\t<div class=\"elementor-element elementor-element-7b441c4 elementor-widget elementor-widget-heading\" data-id=\"7b441c4\" data-element_type=\"widget\" data-e-type=\"widget\" data-widget_type=\"heading.default\">\n\t\t\t\t<div class=\"elementor-widget-container\">\n\t\t\t\t\t<h3 class=\"elementor-heading-title elementor-size-default\">Sehr gerne unterst\u00fctzen wir von der DLOP Pneumatics verschiedene Projekte zum Wohle der Gesellschaft.<\/h3>\t\t\t\t<\/div>\n\t\t\t\t<\/div>\n\t\t\t\t\t<\/div>\n\t\t\t\t<\/div>\n\t\t<div class=\"elementor-element elementor-element-689fbc6 e-flex e-con-boxed e-con e-parent\" data-id=\"689fbc6\" data-element_type=\"container\" data-e-type=\"container\">\n\t\t\t\t\t<div class=\"e-con-inner\">\n\t\t\t\t<div class=\"elementor-element elementor-element-fd93ea6 elementor-widget elementor-widget-ct_blog_grid\" data-id=\"fd93ea6\" data-element_type=\"widget\" data-e-type=\"widget\" data-widget_type=\"ct_blog_grid.default\">\n\t\t\t\t<div class=\"elementor-widget-container\">\n\t\t\t\t\t\r\n<div id=\"ct_blog_grid-fd93ea6\" class=\"ct-grid ct-blog-grid ct-blog-grid-layout1\" data-layout=\"masonry\" data-start-page=\"1\" data-max-pages=\"1\" data-total=\"2\" data-perpage=\"6\" data-next-link=\"\">\r\n    <div class=\"ct-grid-overlay\"><\/div>\r\n    \r\n    <div class=\"ct-grid-inner ct-grid-masonry row animate-time\" data-gutter=\"15\">\r\n                            <div class=\"grid-item col-xl-4 col-lg-4 col-md-4 col-sm-6 col-12 engagement\">\r\n                        <div class=\"grid-item-inner \" data-wow-duration=\"1.2s\">\r\n                            <div class=\"item--featured\">\r\n                                <a href=\"https:\/\/dlop-pneumatics.de\/?p=14616\"><img fetchpriority=\"high\" decoding=\"async\" class=\"no-lazyload \" src=\"https:\/\/dlop-pneumatics.de\/wp-content\/uploads\/2024\/10\/landscape-tree-nature-grass-cloud-plant-857444-pxhere.com_.jpg\" width=\"360\" height=\"240\" alt=\"landscape-tree-nature-grass-cloud-plant-857444-pxhere.com\" title=\"landscape-tree-nature-grass-cloud-plant-857444-pxhere.com\" \/><\/a>\r\n                            <\/div>\r\n                            <div class=\"item--holder item--main\">\r\n                                                                    <ul class=\"item--meta\">\r\n                                                                                    <li class=\"item-date\"><i class=\"caseicon-calendar\"><\/i>M\u00e4rz 3, 2026<\/li>\r\n                                                                                                                            <li class=\"item-author\">\r\n                                                <i class=\"caseicon-user\"><\/i><a href=\"https:\/\/dlop-pneumatics.de\/?author=1\">admin<\/a>\r\n                                            <\/li>\r\n                                                                            <\/ul>\r\n                                                                <h3 class=\"item--title\"><a href=\"https:\/\/dlop-pneumatics.de\/?p=14616\">Umweltschutz<\/a><\/h3>\r\n                            <\/div>\r\n                            <div class=\"item--holder item--hover\">\r\n                                <h3 class=\"item--title\"><a href=\"https:\/\/dlop-pneumatics.de\/?p=14616\">Umweltschutz<\/a><\/h3>\r\n                                                                    <div class=\"item--content\">\r\n                                        DLOP Pneumatics engagiert sich f\u00fcr den Umweltschutz. Damit wir in einer guten Zukunft leben k\u00f6nnen.                                    <\/div>\r\n                                                                                                    <div class=\"item--readmore\">\r\n                                        <a class=\"btn btn-primary\" href=\"https:\/\/dlop-pneumatics.de\/?p=14616\">\r\n                                            <span>Read more<\/span>\r\n                                            <i class=\"caseicon-angle-arrow-right\"><\/i>\r\n                                        <\/a>\r\n                                    <\/div>\r\n                                                            <\/div>\r\n                        <\/div>\r\n                    <\/div>\r\n                                    <div class=\"grid-item col-xl-4 col-lg-4 col-md-4 col-sm-6 col-12 engagement\">\r\n                        <div class=\"grid-item-inner \" data-wow-duration=\"1.2s\">\r\n                            <div class=\"item--featured\">\r\n                                <a href=\"https:\/\/dlop-pneumatics.de\/?p=14609\"><img decoding=\"async\" class=\"no-lazyload \" src=\"https:\/\/dlop-pneumatics.de\/wp-content\/uploads\/2026\/03\/Sponsoring-600x413.jpg\" width=\"600\" height=\"413\" alt=\"Trikots des 1. FC NIederkassel\" title=\"Sponsoring\" \/><\/a>\r\n                            <\/div>\r\n                            <div class=\"item--holder item--main\">\r\n                                                                    <ul class=\"item--meta\">\r\n                                                                                    <li class=\"item-date\"><i class=\"caseicon-calendar\"><\/i>M\u00e4rz 3, 2026<\/li>\r\n                                                                                                                            <li class=\"item-author\">\r\n                                                <i class=\"caseicon-user\"><\/i><a href=\"https:\/\/dlop-pneumatics.de\/?author=1\">admin<\/a>\r\n                                            <\/li>\r\n                                                                            <\/ul>\r\n                                                                <h3 class=\"item--title\"><a href=\"https:\/\/dlop-pneumatics.de\/?p=14609\">Unterst\u00fctzung des Jugendsports<\/a><\/h3>\r\n                            <\/div>\r\n                            <div class=\"item--holder item--hover\">\r\n                                <h3 class=\"item--title\"><a href=\"https:\/\/dlop-pneumatics.de\/?p=14609\">Unterst\u00fctzung des Jugendsports<\/a><\/h3>\r\n                                                                    <div class=\"item--content\">\r\n                                        Wir unterst\u00fctzen den 1. FC Niederkassel mit tollen Trikots.                                    <\/div>\r\n                                                                                                    <div class=\"item--readmore\">\r\n                                        <a class=\"btn btn-primary\" href=\"https:\/\/dlop-pneumatics.de\/?p=14609\">\r\n                                            <span>Read more<\/span>\r\n                                            <i class=\"caseicon-angle-arrow-right\"><\/i>\r\n                                        <\/a>\r\n                                    <\/div>\r\n                                                            <\/div>\r\n                        <\/div>\r\n                    <\/div>\r\n                                    <div class=\"grid-sizer col-xl-3 col-lg-3 col-md-4 col-sm-6 col-12\"><\/div>\r\n            <\/div>\r\n        <\/div>\t\t\t\t<\/div>\n\t\t\t\t<\/div>\n\t\t\t\t<div class=\"elementor-element elementor-element-94b16ac elementor-widget elementor-widget-ct_text_editor\" data-id=\"94b16ac\" data-element_type=\"widget\" data-e-type=\"widget\" data-widget_type=\"ct_text_editor.default\">\n\t\t\t\t<div class=\"elementor-widget-container\">\n\t\t\t\t\t<div id=\"ct_text_editor-94b16ac\" class=\"ct-text-editor \" data-wow-delay=\"ms\">\n\t<div class=\"ct-inline-css\"  data-css=\"\n        \t\t\">\n\n    <\/div>\n\t<div class=\"ct-text-editor-inner elementor-clearfix\">\n\t\t<h4>Es ist uns eine Herzensangelegenheit, Wohlt\u00e4tige und gemeinn\u00fctzige Projekt zu f\u00f6rdern.<\/h4>\t\t\n\t<\/div>\n<\/div>\t\t\t\t<\/div>\n\t\t\t\t<\/div>\n\t\t\t\t\t<\/div>\n\t\t\t\t<\/div>\n\t\t\t\t<\/div>\n\t\t","protected":false},"excerpt":{"rendered":"<p>Sehr gerne unterst\u00fctzen wir von der DLOP Pneumatics verschiedene Projekte zum Wohle der Gesellschaft. M\u00e4rz 3, 2026 admin Umweltschutz Umweltschutz DLOP Pneumatics engagiert sich f\u00fcr den Umweltschutz. Damit wir in einer guten Zukunft leben k\u00f6nnen. Read more M\u00e4rz 3, 2026 admin Unterst\u00fctzung des Jugendsports Unterst\u00fctzung des Jugendsports Wir unterst\u00fctzen den 1. FC Niederkassel mit tollen [&hellip;]<\/p>\n","protected":false},"author":1,"featured_media":0,"parent":14319,"menu_order":0,"comment_status":"closed","ping_status":"closed","template":"","meta":{"footnotes":""},"class_list":["post-14525","page","type-page","status-publish","hentry"],"_links":{"self":[{"href":"https:\/\/dlop-pneumatics.de\/index.php?rest_route=\/wp\/v2\/pages\/14525"}],"collection":[{"href":"https:\/\/dlop-pneumatics.de\/index.php?rest_route=\/wp\/v2\/pages"}],"about":[{"href":"https:\/\/dlop-pneumatics.de\/index.php?rest_route=\/wp\/v2\/types\/page"}],"author":[{"embeddable":true,"href":"https:\/\/dlop-pneumatics.de\/index.php?rest_route=\/wp\/v2\/users\/1"}],"replies":[{"embeddable":true,"href":"https:\/\/dlop-pneumatics.de\/index.php?rest_route=%2Fwp%2Fv2%2Fcomments&post=14525"}],"version-history":[{"count":7,"href":"https:\/\/dlop-pneumatics.de\/index.php?rest_route=\/wp\/v2\/pages\/14525\/revisions"}],"predecessor-version":[{"id":14627,"href":"https:\/\/dlop-pneumatics.de\/index.php?rest_route=\/wp\/v2\/pages\/14525\/revisions\/14627"}],"up":[{"embeddable":true,"href":"https:\/\/dlop-pneumatics.de\/index.php?rest_route=\/wp\/v2\/pages\/14319"}],"wp:attachment":[{"href":"https:\/\/dlop-pneumatics.de\/index.php?rest_route=%2Fwp%2Fv2%2Fmedia&parent=14525"}],"curies":[{"name":"wp","href":"https:\/\/api.w.org\/{rel}","templated":true}]}}