{"id":14551,"date":"2026-03-02T11:53:42","date_gmt":"2026-03-02T11:53:42","guid":{"rendered":"https:\/\/dlop-pneumatics.de\/?page_id=14551"},"modified":"2026-03-03T19:10:15","modified_gmt":"2026-03-03T19:10:15","slug":"reparaturunterstuetzung","status":"publish","type":"page","link":"https:\/\/dlop-pneumatics.de\/?page_id=14551","title":{"rendered":"Reparaturunterst\u00fctzung"},"content":{"rendered":"\t\t<div data-elementor-type=\"wp-page\" data-elementor-id=\"14551\" class=\"elementor elementor-14551\">\n\t\t\t\t<div class=\"elementor-element elementor-element-ae8b407 e-flex e-con-boxed e-con e-parent\" data-id=\"ae8b407\" data-element_type=\"container\" data-e-type=\"container\">\n\t\t\t\t\t<div class=\"e-con-inner\">\n\t\t\t\t<div class=\"elementor-element elementor-element-9aa0911 elementor-widget elementor-widget-ct_text_editor\" data-id=\"9aa0911\" data-element_type=\"widget\" data-e-type=\"widget\" data-widget_type=\"ct_text_editor.default\">\n\t\t\t\t<div class=\"elementor-widget-container\">\n\t\t\t\t\t<div id=\"ct_text_editor-9aa0911\" class=\"ct-text-editor \" data-wow-delay=\"ms\">\n\t<div class=\"ct-inline-css\"  data-css=\"\n        \t\t\">\n\n    <\/div>\n\t<div class=\"ct-text-editor-inner elementor-clearfix\">\n\t\t<h3>Reparatur durch und mit der DLOP Pneumatics.<\/h3><p>\u00a0<\/p><p>Anhand der Auswertung Ihrer Einsparungen und Energieverluste erhalten Sie ein genau kalkuliertes Angebot f\u00fcr Ihre Reparaturunterst\u00fctzung und\/oder das pneumatische Retrofit.<\/p><p>Werden Ihre Reparaturen\/Instandsetzungen durch die DLOP Pneumatics durchgef\u00fchrt, schlagen Sie direkt mehrere Fliegen mit einer Klappe.<\/p><p>\u00a0<\/p><ol><li>Sie erhalten freie Kapazit\u00e4ten in Bezug auf Ihr Instandhaltungsteam<\/li><li>Die Reparaturen sind einfach erledigt. Ihr Organisationsaufwand beschr\u00e4nkt sich auf ein absolutes Minimum<\/li><li>Reparatur wo m\u00f6glich, Austausch wo n\u00f6tig. Wir legen gr\u00f6\u00dften Wert auf Nachhaltigkeit. Wann immer m\u00f6glich reparieren wir, <strong><u>ohne<\/u><\/strong> teure Ersatzteile zu verbauen.<\/li><li>Das Projekt rechnet sich binnen k\u00fcrzester Zeit, weil die Arbeit und Organisation der Reparaturen vom Team der DLOP erledigt wird<\/li><li>Messbare Erfolge. Alle durchgef\u00fchrten Reparaturen werden sofort in die DLOP Datenbank zur\u00fcckgemeldet.<\/li><\/ol><p>\u00a0<\/p><p>Was zeichnet uns bei den Reparaturen aus? Ein Beispiel: einer unserer Kunden aus der Papierverarbeitenden Industrie, konnte binnen 3 Monaten mit einem Materialeinsatz von knapp 200\u20ac Einsparungen von \u00fcber 30.000\u20ac generieren.<\/p><p>Gelingt das so immer? Nein. Es zeigt nur sehr deutlich auf, was m\u00f6glich sein kann.<\/p>\t\t\n\t<\/div>\n<\/div>\t\t\t\t<\/div>\n\t\t\t\t<\/div>\n\t\t\t\t\t<\/div>\n\t\t\t\t<\/div>\n\t\t\t\t<\/div>\n\t\t","protected":false},"excerpt":{"rendered":"<p>Reparatur durch und mit der DLOP Pneumatics. \u00a0 Anhand der Auswertung Ihrer Einsparungen und Energieverluste erhalten Sie ein genau kalkuliertes Angebot f\u00fcr Ihre Reparaturunterst\u00fctzung und\/oder das pneumatische Retrofit. Werden Ihre Reparaturen\/Instandsetzungen durch die DLOP Pneumatics durchgef\u00fchrt, schlagen Sie direkt mehrere Fliegen mit einer Klappe. \u00a0 Sie erhalten freie Kapazit\u00e4ten in Bezug auf Ihr Instandhaltungsteam Die [&hellip;]<\/p>\n","protected":false},"author":1,"featured_media":0,"parent":14317,"menu_order":0,"comment_status":"closed","ping_status":"closed","template":"","meta":{"footnotes":""},"class_list":["post-14551","page","type-page","status-publish","hentry"],"_links":{"self":[{"href":"https:\/\/dlop-pneumatics.de\/index.php?rest_route=\/wp\/v2\/pages\/14551"}],"collection":[{"href":"https:\/\/dlop-pneumatics.de\/index.php?rest_route=\/wp\/v2\/pages"}],"about":[{"href":"https:\/\/dlop-pneumatics.de\/index.php?rest_route=\/wp\/v2\/types\/page"}],"author":[{"embeddable":true,"href":"https:\/\/dlop-pneumatics.de\/index.php?rest_route=\/wp\/v2\/users\/1"}],"replies":[{"embeddable":true,"href":"https:\/\/dlop-pneumatics.de\/index.php?rest_route=%2Fwp%2Fv2%2Fcomments&post=14551"}],"version-history":[{"count":4,"href":"https:\/\/dlop-pneumatics.de\/index.php?rest_route=\/wp\/v2\/pages\/14551\/revisions"}],"predecessor-version":[{"id":14640,"href":"https:\/\/dlop-pneumatics.de\/index.php?rest_route=\/wp\/v2\/pages\/14551\/revisions\/14640"}],"up":[{"embeddable":true,"href":"https:\/\/dlop-pneumatics.de\/index.php?rest_route=\/wp\/v2\/pages\/14317"}],"wp:attachment":[{"href":"https:\/\/dlop-pneumatics.de\/index.php?rest_route=%2Fwp%2Fv2%2Fmedia&parent=14551"}],"curies":[{"name":"wp","href":"https:\/\/api.w.org\/{rel}","templated":true}]}}