{"id":14563,"date":"2026-03-02T11:54:43","date_gmt":"2026-03-02T11:54:43","guid":{"rendered":"https:\/\/dlop-pneumatics.de\/?page_id=14563"},"modified":"2026-03-03T18:37:27","modified_gmt":"2026-03-03T18:37:27","slug":"messungen-messtechnik","status":"publish","type":"page","link":"https:\/\/dlop-pneumatics.de\/?page_id=14563","title":{"rendered":"Messungen &#038; Messtechnik"},"content":{"rendered":"\t\t<div data-elementor-type=\"wp-page\" data-elementor-id=\"14563\" class=\"elementor elementor-14563\">\n\t\t\t\t<div class=\"elementor-element elementor-element-6dfc97b e-flex e-con-boxed e-con e-parent\" data-id=\"6dfc97b\" data-element_type=\"container\" data-e-type=\"container\">\n\t\t\t\t\t<div class=\"e-con-inner\">\n\t\t\t\t<div class=\"elementor-element elementor-element-9bc9ea0 elementor-widget elementor-widget-ct_text_editor\" data-id=\"9bc9ea0\" data-element_type=\"widget\" data-e-type=\"widget\" data-widget_type=\"ct_text_editor.default\">\n\t\t\t\t<div class=\"elementor-widget-container\">\n\t\t\t\t\t<div id=\"ct_text_editor-9bc9ea0\" class=\"ct-text-editor \" data-wow-delay=\"ms\">\n\t<div class=\"ct-inline-css\"  data-css=\"\n        \t\t\">\n\n    <\/div>\n\t<div class=\"ct-text-editor-inner elementor-clearfix\">\n\t\t<p><strong><u>Druckmessung:<\/u><\/strong><\/p><p>Wenn Sie wissen m\u00f6chten, wie hoch der Druck an der \u00e4u\u00dfersten Stelle Ihres Druckluftnetzes ist und das Ganze auch noch w\u00e4hrend der laufenden Produktion, haben wir eine mobile und extrem kosteng\u00fcnstige L\u00f6sung f\u00fcr Sie.<\/p><p>Die Messung Ihres Drucks an verschiedenen Stellen erfolgt w\u00e4hrend der laufenden Produktion und wird f\u00fcr Sie in der DLOP Leckagen Datenbank voll digital hinterlegt.<\/p><p><strong><u>Drucktaupunktmessung:<\/u><\/strong><\/p><p>Sie haben Leitungen im Au\u00dfenbereich? Ein verzweigtes Leitungsnetz? Sie m\u00f6chten wissen, ob Ihre Druckluft trocken genug f\u00fcr Ihre Prozesse ist?<\/p><p>Mobil, kosteng\u00fcnstig und flexibel messen wir Ihren Drucktaupunkt (Restfeuchte der Druckluft) an diversen Stellen w\u00e4hrend der laufenden Produktion an verschiedensten Stellen. Die Daten werden f\u00fcr Sie voll digital in der DLOP Leckagen Datenbank hinterlegt.<\/p><p><strong><u>Druckluft-Qualit\u00e4ts-Analyse, ISO 8573-1:2010:<\/u><\/strong><\/p><p>Sie m\u00fcssen aufgrund von IFS, ISO 22000, Hersteller oder Kundenvorgaben eine gewisse Druckluftqualit\u00e4t erf\u00fcllen und nachweisen?<\/p><p>Mit der mobilen Druckluftqualit\u00e4tsmessung der DLOP Pneumatics k\u00f6nnen an verschiedenen Punkten sowohl Kurzzeit (min. 4 Std.) sowie Langzeitmessung inklusive Auswertungen und aktuellen\/g\u00fcltigen Kalibrierzertifikaten erstellt werden. Die Daten erhalten Sie als PDF aufbereitet sowie in die DLOP Leckagen Datenbank voll digital hinterlegt.<\/p><p>F\u00fcr Sie immer inklusive ist eine kostenlose DEA (Druckluft-Erzeuger-Analyse) in Kooperation mit der Firma Beko Technologies GmbH<\/p><p><strong><u>Leckage Messger\u00e4t:<\/u><\/strong><\/p><p>Sie erhalten von uns nat\u00fcrlich auch Messtechnik zur Detektion Ihrer Leckagen. Die Bandbreite reicht vom Einsteiger-Ger\u00e4t bis hin zur Vollprofimesstechnik. Je nach Ihren Anforderungen und Anspr\u00fcchen.<\/p><p><strong><u>Durchflusssensoren:<\/u><\/strong><\/p><p>In Zusammenarbeit mit CS-Instruments erhalten Sie von uns Durchflusssensoren in diversen Spezifikationen. So k\u00f6nnen Sie auf Einstechsonden zugreifen sowie festinstallierte Flowsensoren.<\/p><p><strong><em>Gerne erstellen wir Ihnen f\u00fcr alle Arten der Messtechnik und Messungen ein anforderungsspezifisches und unverbindliches Angebot.<\/em><\/strong><\/p>\t\t\n\t<\/div>\n<\/div>\t\t\t\t<\/div>\n\t\t\t\t<\/div>\n\t\t\t\t\t<\/div>\n\t\t\t\t<\/div>\n\t\t\t\t<\/div>\n\t\t","protected":false},"excerpt":{"rendered":"<p>Druckmessung: Wenn Sie wissen m\u00f6chten, wie hoch der Druck an der \u00e4u\u00dfersten Stelle Ihres Druckluftnetzes ist und das Ganze auch noch w\u00e4hrend der laufenden Produktion, haben wir eine mobile und extrem kosteng\u00fcnstige L\u00f6sung f\u00fcr Sie. Die Messung Ihres Drucks an verschiedenen Stellen erfolgt w\u00e4hrend der laufenden Produktion und wird f\u00fcr Sie in der DLOP Leckagen [&hellip;]<\/p>\n","protected":false},"author":1,"featured_media":0,"parent":14317,"menu_order":0,"comment_status":"closed","ping_status":"closed","template":"","meta":{"footnotes":""},"class_list":["post-14563","page","type-page","status-publish","hentry"],"_links":{"self":[{"href":"https:\/\/dlop-pneumatics.de\/index.php?rest_route=\/wp\/v2\/pages\/14563"}],"collection":[{"href":"https:\/\/dlop-pneumatics.de\/index.php?rest_route=\/wp\/v2\/pages"}],"about":[{"href":"https:\/\/dlop-pneumatics.de\/index.php?rest_route=\/wp\/v2\/types\/page"}],"author":[{"embeddable":true,"href":"https:\/\/dlop-pneumatics.de\/index.php?rest_route=\/wp\/v2\/users\/1"}],"replies":[{"embeddable":true,"href":"https:\/\/dlop-pneumatics.de\/index.php?rest_route=%2Fwp%2Fv2%2Fcomments&post=14563"}],"version-history":[{"count":4,"href":"https:\/\/dlop-pneumatics.de\/index.php?rest_route=\/wp\/v2\/pages\/14563\/revisions"}],"predecessor-version":[{"id":14607,"href":"https:\/\/dlop-pneumatics.de\/index.php?rest_route=\/wp\/v2\/pages\/14563\/revisions\/14607"}],"up":[{"embeddable":true,"href":"https:\/\/dlop-pneumatics.de\/index.php?rest_route=\/wp\/v2\/pages\/14317"}],"wp:attachment":[{"href":"https:\/\/dlop-pneumatics.de\/index.php?rest_route=%2Fwp%2Fv2%2Fmedia&parent=14563"}],"curies":[{"name":"wp","href":"https:\/\/api.w.org\/{rel}","templated":true}]}}